{"id":44,"date":"2016-04-06T14:31:23","date_gmt":"2016-04-06T11:31:23","guid":{"rendered":"http:\/\/www.yasarhacisalihoglu.com\/?page_id=44"},"modified":"2026-02-18T14:13:04","modified_gmt":"2026-02-18T11:13:04","slug":"prof-dr-yasar-hacisalihoglu-kimdir","status":"publish","type":"page","link":"https:\/\/demo.yeniyuzyil.edu.tr\/yh\/prof-dr-yasar-hacisalihoglu-kimdir\/","title":{"rendered":"Hakk\u0131nda"},"content":{"rendered":"<div class=\"wp-block-image\">\n<figure class=\"alignleft size-full is-resized\"><img loading=\"lazy\" decoding=\"async\" width=\"378\" height=\"462\" src=\"http:\/\/localhost\/OKUL\/rektor\/wp-content\/uploads\/2026\/02\/5-kopya.jpg\" alt=\"\" class=\"wp-image-2651\" style=\"aspect-ratio:0.8150466334087317;width:373px;height:auto\" srcset=\"https:\/\/demo.yeniyuzyil.edu.tr\/yh\/wp-content\/uploads\/2026\/02\/5-kopya.jpg 378w, https:\/\/demo.yeniyuzyil.edu.tr\/yh\/wp-content\/uploads\/2026\/02\/5-kopya-245x300.jpg 245w\" sizes=\"auto, (max-width: 378px) 100vw, 378px\" \/><\/figure>\n<\/div>\n\n\n<p><strong>Prof. Dr. Ya\u015far HACISAL\u0130HO\u011eLU;<\/strong><\/p>\n\n\n\n<p>Lisans E\u011fitimini 1985 y\u0131l\u0131nda \u0130stanbul \u00dcniversitesi Be\u015feri, Siyasi ve \u0130ktisadi Co\u011frafya alan\u0131nda tamamlad\u0131. Y\u00fcksek Lisans\u0131n\u0131n ilkini 1988\u2019de \u0130stanbul \u00dcniversitesi Deniz Bilimleri ve \u0130\u015fletmecili\u011fi Enstit\u00fcs\u00fcnde, \u0130kincisini 1999 y\u0131l\u0131nda Mimar Sinan \u00dcniversitesi B\u00f6lge Planlama alan\u0131nda yapt\u0131.<\/p>\n\n\n\n<p>Doktoras\u0131n\u0131 1995 y\u0131l\u0131ndan \u0130stanbul \u00dcniversitesi Sosyal Bilimler Enstit\u00fcs\u00fcnde tamamlayan Prof. Hac\u0131saliho\u011flu, 2002 y\u0131l\u0131nda Do\u00e7entlik, 2008 y\u0131l\u0131nda ise Uluslararas\u0131 \u0130li\u015fkiler alan\u0131nda Profes\u00f6r olmu\u015ftur.<\/p>\n\n\n\n<p>\u0130stanbul \u00dcniversitesi, Beykent \u00dcniversitesi Siyaset Bilimi ve Uluslar aras\u0131 \u0130li\u015fkiler B\u00f6l\u00fcm\u00fc ve ABD Texas State \u00dcniversitesi Siyaset Bilimi B\u00f6l\u00fcm\u00fcnde \u00f6\u011fretim \u00fcyesi olarak g\u00f6rev yapm\u0131\u015ft\u0131r.<\/p>\n\n\n\n<p>\u0130stanbul \u00dcniversitesi\u2019nde lisans d\u00fczeyinde; Uluslararas\u0131 Siyasal Ortam ve T\u00fcrkiye, T\u00fcrkiye\u2019nin Siyasal Co\u011frafyas\u0131: Sorunlar-\u0130li\u015fkiler, Y\u00fcksek Lisans ve Doktora d\u00fczeyinde ise; K\u00fcreselle\u015fme Mekansal Etkileri ve T\u00fcrkiye, Jeopolitik ve Jeostratejik Analizler konular\u0131nda Harp Akademisi Komutanl\u0131\u011f\u0131, Silahl\u0131 Kuvvetler Akademisinde; Jeopolitik ve Jeostratejik ve B\u00f6lge \u00dclkeleri-T\u00fcrkiye \u0130li\u015fkileri, Kuvvet Akademisinde; 21. Y\u00fczy\u0131l G\u00fc\u00e7 Merkezleri ve Stratejileri ve Strateji, Stratejik Ara\u015ft\u0131rmalar Enstit\u00fcs\u00fcnde; B\u00f6lgesel Bazda Devletler Analizi ve Jeopolitik ve Jeostrateji konular\u0131nda dersler vermi\u015ftir.<\/p>\n\n\n\n<p>Halen, \u0130stanbul Yeni Y\u00fczy\u0131l \u00dcniversitesi \u0130ktisadi ve \u0130dari Bilimler Fak\u00fcltesi Siyaset Bilimi ve Uluslararas\u0131 \u0130li\u015fkiler B\u00f6l\u00fcm\u00fc \u00f6\u011fretim \u00fcyesidir. Ayn\u0131 \u00dcniversitenin Rekt\u00f6r\u00fc ve \u0130ktisadi ve \u0130dari Bilimler Fak\u00fcltesi\u2019nin Dekan\u0131d\u0131r.<\/p>\n\n\n\n<p>\u00c7ok say\u0131da makale, sempozyum kongre, panelde sunulmu\u015f ve yay\u0131nlanm\u0131\u015f eserlerin yan\u0131 s\u0131ra \u2018Yeni Jeopolitik Hamleler ve T\u00fcrkiye\u2019, \u2018K\u00fcreselle\u015fme, Mekansal Etkileri ve \u0130stanbul\u2019 ve \u2018Yeni D\u00fcnya D\u00fczeni Aray\u0131\u015f\u0131 ve T\u00fcrkiye\u2019 adl\u0131 kitaplar\u0131 bulunmaktad\u0131r. Ak\u015fam Gazetesi\u2019nde k\u00f6\u015fe yazarl\u0131\u011f\u0131 yapmaktad\u0131r.<\/p>\n","protected":false},"excerpt":{"rendered":"<p>Prof. Dr. Ya\u015far HACISAL\u0130HO\u011eLU; Lisans E\u011fitimini 1985 y\u0131l\u0131nda \u0130stanbul \u00dcniversitesi Be\u015feri, Siyasi ve \u0130ktisadi Co\u011frafya alan\u0131nda tamamlad\u0131. Y\u00fcksek Lisans\u0131n\u0131n ilkini 1988\u2019de \u0130stanbul \u00dcniversitesi Deniz Bilimleri ve \u0130\u015fletmecili\u011fi Enstit\u00fcs\u00fcnde, \u0130kincisini 1999 y\u0131l\u0131nda Mimar Sinan \u00dcniversitesi B\u00f6lge Planlama alan\u0131nda yapt\u0131. Doktoras\u0131n\u0131 1995 y\u0131l\u0131ndan \u0130stanbul \u00dcniversitesi Sosyal Bilimler Enstit\u00fcs\u00fcnde tamamlayan Prof. Hac\u0131saliho\u011flu, 2002 y\u0131l\u0131nda Do\u00e7entlik, 2008 y\u0131l\u0131nda ise [&hellip;]<\/p>\n","protected":false},"author":1,"featured_media":0,"parent":0,"menu_order":9,"comment_status":"closed","ping_status":"closed","template":"","meta":{"_acf_changed":false,"footnotes":""},"class_list":["post-44","page","type-page","status-publish","hentry"],"acf":[],"yoast_head":"<!-- This site is optimized with the Yoast SEO plugin v27.1.1 - https:\/\/yoast.com\/product\/yoast-seo-wordpress\/ -->\n<title>Hakk\u0131nda - Ya\u015far Hac\u0131saliho\u011flu<\/title>\n<meta name=\"robots\" content=\"index, follow, max-snippet:-1, max-image-preview:large, max-video-preview:-1\" \/>\n<link rel=\"canonical\" href=\"https:\/\/demo.yeniyuzyil.edu.tr\/yh\/prof-dr-yasar-hacisalihoglu-kimdir\/\" \/>\n<meta property=\"og:locale\" content=\"tr_TR\" \/>\n<meta property=\"og:type\" content=\"article\" \/>\n<meta property=\"og:title\" content=\"Hakk\u0131nda - Ya\u015far Hac\u0131saliho\u011flu\" \/>\n<meta property=\"og:description\" content=\"Prof. Dr. Ya\u015far HACISAL\u0130HO\u011eLU; Lisans E\u011fitimini 1985 y\u0131l\u0131nda \u0130stanbul \u00dcniversitesi Be\u015feri, Siyasi ve \u0130ktisadi Co\u011frafya alan\u0131nda tamamlad\u0131. Y\u00fcksek Lisans\u0131n\u0131n ilkini 1988\u2019de \u0130stanbul \u00dcniversitesi Deniz Bilimleri ve \u0130\u015fletmecili\u011fi Enstit\u00fcs\u00fcnde, \u0130kincisini 1999 y\u0131l\u0131nda Mimar Sinan \u00dcniversitesi B\u00f6lge Planlama alan\u0131nda yapt\u0131. Doktoras\u0131n\u0131 1995 y\u0131l\u0131ndan \u0130stanbul \u00dcniversitesi Sosyal Bilimler Enstit\u00fcs\u00fcnde tamamlayan Prof. Hac\u0131saliho\u011flu, 2002 y\u0131l\u0131nda Do\u00e7entlik, 2008 y\u0131l\u0131nda ise [&hellip;]\" \/>\n<meta property=\"og:url\" content=\"https:\/\/demo.yeniyuzyil.edu.tr\/yh\/prof-dr-yasar-hacisalihoglu-kimdir\/\" \/>\n<meta property=\"og:site_name\" content=\"Ya\u015far Hac\u0131saliho\u011flu\" \/>\n<meta property=\"article:modified_time\" content=\"2026-02-18T11:13:04+00:00\" \/>\n<meta property=\"og:image\" content=\"https:\/\/demo.yeniyuzyil.edu.tr\/yh\/wp-content\/uploads\/2026\/02\/5-kopya.jpg\" \/>\n\t<meta property=\"og:image:width\" content=\"378\" \/>\n\t<meta property=\"og:image:height\" content=\"462\" \/>\n\t<meta property=\"og:image:type\" content=\"image\/jpeg\" \/>\n<meta name=\"twitter:card\" content=\"summary_large_image\" \/>\n<meta name=\"twitter:label1\" content=\"Tahmini okuma s\u00fcresi\" \/>\n\t<meta name=\"twitter:data1\" content=\"2 dakika\" \/>\n<script type=\"application\/ld+json\" class=\"yoast-schema-graph\">{\"@context\":\"https:\/\/schema.org\",\"@graph\":[{\"@type\":\"WebPage\",\"@id\":\"https:\/\/demo.yeniyuzyil.edu.tr\/yh\/prof-dr-yasar-hacisalihoglu-kimdir\/\",\"url\":\"https:\/\/demo.yeniyuzyil.edu.tr\/yh\/prof-dr-yasar-hacisalihoglu-kimdir\/\",\"name\":\"Hakk\u0131nda - Ya\u015far Hac\u0131saliho\u011flu\",\"isPartOf\":{\"@id\":\"https:\/\/demo.yeniyuzyil.edu.tr\/yh\/#website\"},\"primaryImageOfPage\":{\"@id\":\"https:\/\/demo.yeniyuzyil.edu.tr\/yh\/prof-dr-yasar-hacisalihoglu-kimdir\/#primaryimage\"},\"image\":{\"@id\":\"https:\/\/demo.yeniyuzyil.edu.tr\/yh\/prof-dr-yasar-hacisalihoglu-kimdir\/#primaryimage\"},\"thumbnailUrl\":\"http:\/\/localhost\/OKUL\/rektor\/wp-content\/uploads\/2026\/02\/5-kopya.jpg\",\"datePublished\":\"2016-04-06T11:31:23+00:00\",\"dateModified\":\"2026-02-18T11:13:04+00:00\",\"breadcrumb\":{\"@id\":\"https:\/\/demo.yeniyuzyil.edu.tr\/yh\/prof-dr-yasar-hacisalihoglu-kimdir\/#breadcrumb\"},\"inLanguage\":\"tr\",\"potentialAction\":[{\"@type\":\"ReadAction\",\"target\":[\"https:\/\/demo.yeniyuzyil.edu.tr\/yh\/prof-dr-yasar-hacisalihoglu-kimdir\/\"]}]},{\"@type\":\"ImageObject\",\"inLanguage\":\"tr\",\"@id\":\"https:\/\/demo.yeniyuzyil.edu.tr\/yh\/prof-dr-yasar-hacisalihoglu-kimdir\/#primaryimage\",\"url\":\"http:\/\/localhost\/OKUL\/rektor\/wp-content\/uploads\/2026\/02\/5-kopya.jpg\",\"contentUrl\":\"http:\/\/localhost\/OKUL\/rektor\/wp-content\/uploads\/2026\/02\/5-kopya.jpg\"},{\"@type\":\"BreadcrumbList\",\"@id\":\"https:\/\/demo.yeniyuzyil.edu.tr\/yh\/prof-dr-yasar-hacisalihoglu-kimdir\/#breadcrumb\",\"itemListElement\":[{\"@type\":\"ListItem\",\"position\":1,\"name\":\"Anasayfa\",\"item\":\"https:\/\/demo.yeniyuzyil.edu.tr\/yh\/\"},{\"@type\":\"ListItem\",\"position\":2,\"name\":\"Hakk\u0131nda\"}]},{\"@type\":\"WebSite\",\"@id\":\"https:\/\/demo.yeniyuzyil.edu.tr\/yh\/#website\",\"url\":\"https:\/\/demo.yeniyuzyil.edu.tr\/yh\/\",\"name\":\"Ya\u015far Hac\u0131saliho\u011flu\",\"description\":\"\",\"potentialAction\":[{\"@type\":\"SearchAction\",\"target\":{\"@type\":\"EntryPoint\",\"urlTemplate\":\"https:\/\/demo.yeniyuzyil.edu.tr\/yh\/?s={search_term_string}\"},\"query-input\":{\"@type\":\"PropertyValueSpecification\",\"valueRequired\":true,\"valueName\":\"search_term_string\"}}],\"inLanguage\":\"tr\"}]}<\/script>\n<!-- \/ Yoast SEO plugin. -->","yoast_head_json":{"title":"Hakk\u0131nda - Ya\u015far Hac\u0131saliho\u011flu","robots":{"index":"index","follow":"follow","max-snippet":"max-snippet:-1","max-image-preview":"max-image-preview:large","max-video-preview":"max-video-preview:-1"},"canonical":"https:\/\/demo.yeniyuzyil.edu.tr\/yh\/prof-dr-yasar-hacisalihoglu-kimdir\/","og_locale":"tr_TR","og_type":"article","og_title":"Hakk\u0131nda - Ya\u015far Hac\u0131saliho\u011flu","og_description":"Prof. Dr. Ya\u015far HACISAL\u0130HO\u011eLU; Lisans E\u011fitimini 1985 y\u0131l\u0131nda \u0130stanbul \u00dcniversitesi Be\u015feri, Siyasi ve \u0130ktisadi Co\u011frafya alan\u0131nda tamamlad\u0131. Y\u00fcksek Lisans\u0131n\u0131n ilkini 1988\u2019de \u0130stanbul \u00dcniversitesi Deniz Bilimleri ve \u0130\u015fletmecili\u011fi Enstit\u00fcs\u00fcnde, \u0130kincisini 1999 y\u0131l\u0131nda Mimar Sinan \u00dcniversitesi B\u00f6lge Planlama alan\u0131nda yapt\u0131. Doktoras\u0131n\u0131 1995 y\u0131l\u0131ndan \u0130stanbul \u00dcniversitesi Sosyal Bilimler Enstit\u00fcs\u00fcnde tamamlayan Prof. Hac\u0131saliho\u011flu, 2002 y\u0131l\u0131nda Do\u00e7entlik, 2008 y\u0131l\u0131nda ise [&hellip;]","og_url":"https:\/\/demo.yeniyuzyil.edu.tr\/yh\/prof-dr-yasar-hacisalihoglu-kimdir\/","og_site_name":"Ya\u015far Hac\u0131saliho\u011flu","article_modified_time":"2026-02-18T11:13:04+00:00","og_image":[{"width":378,"height":462,"url":"https:\/\/demo.yeniyuzyil.edu.tr\/yh\/wp-content\/uploads\/2026\/02\/5-kopya.jpg","type":"image\/jpeg"}],"twitter_card":"summary_large_image","twitter_misc":{"Tahmini okuma s\u00fcresi":"2 dakika"},"schema":{"@context":"https:\/\/schema.org","@graph":[{"@type":"WebPage","@id":"https:\/\/demo.yeniyuzyil.edu.tr\/yh\/prof-dr-yasar-hacisalihoglu-kimdir\/","url":"https:\/\/demo.yeniyuzyil.edu.tr\/yh\/prof-dr-yasar-hacisalihoglu-kimdir\/","name":"Hakk\u0131nda - Ya\u015far Hac\u0131saliho\u011flu","isPartOf":{"@id":"https:\/\/demo.yeniyuzyil.edu.tr\/yh\/#website"},"primaryImageOfPage":{"@id":"https:\/\/demo.yeniyuzyil.edu.tr\/yh\/prof-dr-yasar-hacisalihoglu-kimdir\/#primaryimage"},"image":{"@id":"https:\/\/demo.yeniyuzyil.edu.tr\/yh\/prof-dr-yasar-hacisalihoglu-kimdir\/#primaryimage"},"thumbnailUrl":"http:\/\/localhost\/OKUL\/rektor\/wp-content\/uploads\/2026\/02\/5-kopya.jpg","datePublished":"2016-04-06T11:31:23+00:00","dateModified":"2026-02-18T11:13:04+00:00","breadcrumb":{"@id":"https:\/\/demo.yeniyuzyil.edu.tr\/yh\/prof-dr-yasar-hacisalihoglu-kimdir\/#breadcrumb"},"inLanguage":"tr","potentialAction":[{"@type":"ReadAction","target":["https:\/\/demo.yeniyuzyil.edu.tr\/yh\/prof-dr-yasar-hacisalihoglu-kimdir\/"]}]},{"@type":"ImageObject","inLanguage":"tr","@id":"https:\/\/demo.yeniyuzyil.edu.tr\/yh\/prof-dr-yasar-hacisalihoglu-kimdir\/#primaryimage","url":"http:\/\/localhost\/OKUL\/rektor\/wp-content\/uploads\/2026\/02\/5-kopya.jpg","contentUrl":"http:\/\/localhost\/OKUL\/rektor\/wp-content\/uploads\/2026\/02\/5-kopya.jpg"},{"@type":"BreadcrumbList","@id":"https:\/\/demo.yeniyuzyil.edu.tr\/yh\/prof-dr-yasar-hacisalihoglu-kimdir\/#breadcrumb","itemListElement":[{"@type":"ListItem","position":1,"name":"Anasayfa","item":"https:\/\/demo.yeniyuzyil.edu.tr\/yh\/"},{"@type":"ListItem","position":2,"name":"Hakk\u0131nda"}]},{"@type":"WebSite","@id":"https:\/\/demo.yeniyuzyil.edu.tr\/yh\/#website","url":"https:\/\/demo.yeniyuzyil.edu.tr\/yh\/","name":"Ya\u015far Hac\u0131saliho\u011flu","description":"","potentialAction":[{"@type":"SearchAction","target":{"@type":"EntryPoint","urlTemplate":"https:\/\/demo.yeniyuzyil.edu.tr\/yh\/?s={search_term_string}"},"query-input":{"@type":"PropertyValueSpecification","valueRequired":true,"valueName":"search_term_string"}}],"inLanguage":"tr"}]}},"_links":{"self":[{"href":"https:\/\/demo.yeniyuzyil.edu.tr\/yh\/wp-json\/wp\/v2\/pages\/44","targetHints":{"allow":["GET"]}}],"collection":[{"href":"https:\/\/demo.yeniyuzyil.edu.tr\/yh\/wp-json\/wp\/v2\/pages"}],"about":[{"href":"https:\/\/demo.yeniyuzyil.edu.tr\/yh\/wp-json\/wp\/v2\/types\/page"}],"author":[{"embeddable":true,"href":"https:\/\/demo.yeniyuzyil.edu.tr\/yh\/wp-json\/wp\/v2\/users\/1"}],"replies":[{"embeddable":true,"href":"https:\/\/demo.yeniyuzyil.edu.tr\/yh\/wp-json\/wp\/v2\/comments?post=44"}],"version-history":[{"count":0,"href":"https:\/\/demo.yeniyuzyil.edu.tr\/yh\/wp-json\/wp\/v2\/pages\/44\/revisions"}],"wp:attachment":[{"href":"https:\/\/demo.yeniyuzyil.edu.tr\/yh\/wp-json\/wp\/v2\/media?parent=44"}],"curies":[{"name":"wp","href":"https:\/\/api.w.org\/{rel}","templated":true}]}}